{"id":113,"date":"2018-02-28T17:51:30","date_gmt":"2018-02-28T17:51:30","guid":{"rendered":"http:\/\/wirkstattsteger.at\/?page_id=113"},"modified":"2025-02-20T16:36:20","modified_gmt":"2025-02-20T16:36:20","slug":"einige-hintergrundinfos","status":"publish","type":"page","link":"http:\/\/wirkstattsteger.at\/?page_id=113","title":{"rendered":"Einige Hintergrundinfos"},"content":{"rendered":"\n<pre class=\"wp-block-preformatted has-light-gray-background-color has-background\"><strong><span style=\"color: #0000ff;\">Einige Projekte zum Thema Erz\u00e4hlen, Geschichten<\/span><br><br><\/strong>Shagara Kultur Project, Sinai 3 L\u00e4nderTagung Grenzenlos, 2-sprachig, t\u00fcrkisch-deutsch \"Baklava &amp; \u00d6pflschnitz\", Landesbibliothek Bregenz,   Spielboden Dornbirn, Waldkinderg\u00e4rten, B\u00fcchereien wie Dornbirn und H\u00f6chst, Gemeinden, Spielzeugmuseum Wolfurt, Eko M\u00f6bel Sulz, KUB Bregenz, Integrationsfeste, Studio Drehpunkt Bregenz, Phantastischer J\u00e4nner Kulturwerkstatt Kammgarn Hard, WorldStoryTellingday, Theater Kosmos Bregenz, Mittelalterm\u00e4rkte, Intern. Erz\u00e4hlfestival Schaffhausen\/CH und Baiersbronn wie Schwerin\/D, Wanderer-Nomad, Bludenzer Stadtmuseum <br>\"M\u00e4rchenbrunnen\" - 2j\u00e4hrige M\u00e4rchenTheatergruppe mit Kindern<br>\"M\u00e4rchenwelt im Zelt\" - dreizehn Monate auf Tour <br>\"Starke girls\" - kreative M\u00e4dchenarbeit in JUZentren <br>\"Prinzess auf der Erbse\", der Kulturwerkstatt Kammgarn in Hard, Kinderm\u00e4rchentheater<br>\"Reflect &amp; Act\" Fach Hochschule Dornbirn - EU Projekt Digital Storytelling mit P\u00e4dagogisches Institut Vorarlberg <br>\"Geschichten in der Therapie\" Institut f\u00fcr Sozialdienste, Verein Tagesm\u00fctter, <br>\"Geschichten aus dem Koffer\" in Bludenz Stadtmuseum, <br>\"Sternstunden\" WIFI Rhetorik Akademie u.a.m.<br><\/pre>\n\n\n\n<pre class=\"wp-block-preformatted has-yellow-background-color has-background\"><span style=\"color: #0000ff;\"><strong>Einige Projekte im psychosozialen Bereich<br><\/strong><\/span><br>Mitarbeit und Aufbau der ambulanten jugendpsychiatr. Beratungsstelle Pro Mente Vorarlberg, Dornbirn www.promente-v.at\/jugend <br>\u00d6ZPGS Projekt MIT - Integration f\u00fcr Fl\u00fcchlingskindern- und Familien mit Vorarlberger Schulen<br>Mitaufbau Koordinationsb\u00fcro f\u00fcr Offene Jugendarbeit Vorarlberg www.koje.at <br>P\u00e4dagogische Mitarbeiterin des Frauenreferates der Landesregierung Vorarlberg <br>Personal- und Teamleitung OJAD Dornbirn www.ojad.at <br>Cani gon\u00fclden - Seelische Gesundheit f\u00fcr Migrantinnen <br>Orientierungscamps nach der Methode Visionquest mit Jugendlichen und MultiplikatorInnen; Pr\u00e4ventionsprojekte www.supromobil.at <br>Konzeption, Mitarbeit Projekte wie \u201eJob Zoom\u201c Berufsorientierung mit M\u00e4dchenzentrum Amazone,Bund, AMS wie \u201eReady\" oder \u201eFIT\" www.amazone.or.at <br>Internat. Lehrgang Risflecting\/Rausch-u. Risikop\u00e4dagogik, Steyr www.buerovital.at, Seminare f\u00fcr Rituale u.\u00e4. Bildungshaus Kassianeum Brixen, S\u00fcdtirol www.jukas.net <br>Seminare M\u00fctter-T\u00f6chter Bildungshaus St. Arbogast <br>Sozial Kompetenz Training FH Dornbirn, PH Feldkirch und Dornbirner Jugendwerkst\u00e4tten, Lehrlingstage f\u00fcr die AK Vorarlberg und Seminare f\u00fcr M\u00e4dchen und Frauen<\/pre>\n\n\n\n<div class=\"wp-block-group\"><div class=\"wp-block-group__inner-container is-layout-constrained wp-block-group-is-layout-constrained\">\n<figure class=\"wp-block-image size-medium is-resized\"><img loading=\"lazy\" decoding=\"async\" width=\"225\" height=\"300\" src=\"http:\/\/wirkstattsteger.at\/wp-content\/uploads\/2025\/02\/IMG-20241207-WA0006-225x300.jpg\" alt=\"\" class=\"wp-image-323\" style=\"width:195px;height:auto\" srcset=\"http:\/\/wirkstattsteger.at\/wp-content\/uploads\/2025\/02\/IMG-20241207-WA0006-225x300.jpg 225w, http:\/\/wirkstattsteger.at\/wp-content\/uploads\/2025\/02\/IMG-20241207-WA0006-768x1024.jpg 768w, http:\/\/wirkstattsteger.at\/wp-content\/uploads\/2025\/02\/IMG-20241207-WA0006-1152x1536.jpg 1152w, http:\/\/wirkstattsteger.at\/wp-content\/uploads\/2025\/02\/IMG-20241207-WA0006.jpg 1536w\" sizes=\"auto, (max-width: 225px) 100vw, 225px\" \/><\/figure>\n<\/div><\/div>\n\n\n\n<figure class=\"wp-block-image size-large is-resized\"><img loading=\"lazy\" decoding=\"async\" width=\"1024\" height=\"970\" src=\"http:\/\/wirkstattsteger.at\/wp-content\/uploads\/2025\/02\/20241207_134233-1024x970.jpg\" alt=\"\" class=\"wp-image-317\" style=\"width:175px;height:auto\" srcset=\"http:\/\/wirkstattsteger.at\/wp-content\/uploads\/2025\/02\/20241207_134233-1024x970.jpg 1024w, http:\/\/wirkstattsteger.at\/wp-content\/uploads\/2025\/02\/20241207_134233-300x284.jpg 300w, http:\/\/wirkstattsteger.at\/wp-content\/uploads\/2025\/02\/20241207_134233-768x728.jpg 768w, http:\/\/wirkstattsteger.at\/wp-content\/uploads\/2025\/02\/20241207_134233-1536x1455.jpg 1536w, http:\/\/wirkstattsteger.at\/wp-content\/uploads\/2025\/02\/20241207_134233-2048x1940.jpg 2048w\" sizes=\"auto, (max-width: 1024px) 100vw, 1024px\" \/><\/figure>\n","protected":false},"excerpt":{"rendered":"<p>Einige Projekte zum Thema Erz\u00e4hlen, GeschichtenShagara Kultur Project, Sinai 3 L\u00e4nderTagung Grenzenlos, 2-sprachig, t\u00fcrkisch-deutsch &#8222;Baklava &amp; \u00d6pflschnitz&#8220;, Landesbibliothek Bregenz, Spielboden Dornbirn, Waldkinderg\u00e4rten, B\u00fcchereien wie Dornbirn und H\u00f6chst, Gemeinden, Spielzeugmuseum Wolfurt, Eko M\u00f6bel Sulz, KUB Bregenz, Integrationsfeste, Studio Drehpunkt Bregenz, Phantastischer J\u00e4nner Kulturwerkstatt Kammgarn Hard, WorldStoryTellingday, Theater Kosmos Bregenz, Mittelalterm\u00e4rkte, Intern. Erz\u00e4hlfestival Schaffhausen\/CH und Baiersbronn wie &hellip; <a href=\"http:\/\/wirkstattsteger.at\/?page_id=113\" class=\"more-link\"><span class=\"screen-reader-text\">Einige Hintergrundinfos<\/span> weiterlesen<\/a><\/p>\n","protected":false},"author":1,"featured_media":0,"parent":0,"menu_order":0,"comment_status":"closed","ping_status":"closed","template":"","meta":{"footnotes":""},"class_list":["post-113","page","type-page","status-publish","hentry"],"_links":{"self":[{"href":"http:\/\/wirkstattsteger.at\/index.php?rest_route=\/wp\/v2\/pages\/113","targetHints":{"allow":["GET"]}}],"collection":[{"href":"http:\/\/wirkstattsteger.at\/index.php?rest_route=\/wp\/v2\/pages"}],"about":[{"href":"http:\/\/wirkstattsteger.at\/index.php?rest_route=\/wp\/v2\/types\/page"}],"author":[{"embeddable":true,"href":"http:\/\/wirkstattsteger.at\/index.php?rest_route=\/wp\/v2\/users\/1"}],"replies":[{"embeddable":true,"href":"http:\/\/wirkstattsteger.at\/index.php?rest_route=%2Fwp%2Fv2%2Fcomments&post=113"}],"version-history":[{"count":10,"href":"http:\/\/wirkstattsteger.at\/index.php?rest_route=\/wp\/v2\/pages\/113\/revisions"}],"predecessor-version":[{"id":342,"href":"http:\/\/wirkstattsteger.at\/index.php?rest_route=\/wp\/v2\/pages\/113\/revisions\/342"}],"wp:attachment":[{"href":"http:\/\/wirkstattsteger.at\/index.php?rest_route=%2Fwp%2Fv2%2Fmedia&parent=113"}],"curies":[{"name":"wp","href":"https:\/\/api.w.org\/{rel}","templated":true}]}}