{"id":171,"date":"2022-03-07T10:45:16","date_gmt":"2022-03-07T10:45:16","guid":{"rendered":"http:\/\/wirkstattsteger.at\/?page_id=171"},"modified":"2025-02-20T16:10:37","modified_gmt":"2025-02-20T16:10:37","slug":"erzaehlerey-story_mobil","status":"publish","type":"page","link":"http:\/\/wirkstattsteger.at\/?page_id=171","title":{"rendered":"ERZ\u00c4HLEREY &#8211; story_mobil"},"content":{"rendered":"\n<p>Aktuell im Spielplan &#8211; DAS KALTE HERZ ( nach Wilhelm Hauff)<\/p>\n\n\n\n<figure class=\"wp-block-image size-large is-style-rounded\"><img loading=\"lazy\" decoding=\"async\" width=\"1024\" height=\"813\" src=\"http:\/\/wirkstattsteger.at\/wp-content\/uploads\/2025\/01\/20250128_111439-1024x813.jpg\" alt=\"\" class=\"wp-image-217\" style=\"aspect-ratio:1.3342618384401115\" srcset=\"http:\/\/wirkstattsteger.at\/wp-content\/uploads\/2025\/01\/20250128_111439-1024x813.jpg 1024w, http:\/\/wirkstattsteger.at\/wp-content\/uploads\/2025\/01\/20250128_111439-300x238.jpg 300w, http:\/\/wirkstattsteger.at\/wp-content\/uploads\/2025\/01\/20250128_111439-768x609.jpg 768w, http:\/\/wirkstattsteger.at\/wp-content\/uploads\/2025\/01\/20250128_111439-1536x1219.jpg 1536w, http:\/\/wirkstattsteger.at\/wp-content\/uploads\/2025\/01\/20250128_111439-2048x1625.jpg 2048w, http:\/\/wirkstattsteger.at\/wp-content\/uploads\/2025\/01\/20250128_111439-1200x952.jpg 1200w\" sizes=\"auto, (max-width: 1024px) 100vw, 1024px\" \/><figcaption class=\"wp-element-caption\"><strong>Ein mobiles M\u00e4rchenTheaterProjekt &#8230; f\u00fcr Erz\u00e4hlkultur &amp; Vielfalt<\/strong><\/figcaption><\/figure>\n\n\n\n<p><strong>M\u00e4rchen, Mythen &amp; Geschichten<\/strong>,<em><strong> story_mobil<\/strong><\/em>&#8230;kommen.lauschen.staunen <\/p>\n\n\n\n<p><strong><em>Startet bei Buchung<\/em><\/strong>&#8230; wieder einmal ist ein mobiles M\u00e4rchenTheaterProjekt von Manusch ist unterwegs.. MIT einer kleinen mobilen B\u00fchne und dem alten Geschichtenkoffer UND &#8211; je nach Lust &amp; Laune, Mondphase oder Sonnenstand &#8211; meinen Puppenfreund_innen<\/p>\n\n\n\n<p><\/p>\n\n\n\n<figure class=\"wp-block-image is-style-rounded\"><img loading=\"lazy\" decoding=\"async\" width=\"1024\" height=\"814\" src=\"http:\/\/wirkstattsteger.at\/wp-content\/uploads\/2025\/01\/20250128_111428-2-2-1024x814.jpg\" alt=\"\" class=\"wp-image-221\" srcset=\"http:\/\/wirkstattsteger.at\/wp-content\/uploads\/2025\/01\/20250128_111428-2-2-1024x814.jpg 1024w, http:\/\/wirkstattsteger.at\/wp-content\/uploads\/2025\/01\/20250128_111428-2-2-300x239.jpg 300w, http:\/\/wirkstattsteger.at\/wp-content\/uploads\/2025\/01\/20250128_111428-2-2-768x611.jpg 768w, http:\/\/wirkstattsteger.at\/wp-content\/uploads\/2025\/01\/20250128_111428-2-2-1536x1221.jpg 1536w, http:\/\/wirkstattsteger.at\/wp-content\/uploads\/2025\/01\/20250128_111428-2-2-2048x1628.jpg 2048w, http:\/\/wirkstattsteger.at\/wp-content\/uploads\/2025\/01\/20250128_111428-2-2-1200x954.jpg 1200w\" sizes=\"auto, (max-width: 1024px) 100vw, 1024px\" \/><\/figure>\n\n\n\n<figure class=\"wp-block-video\"><video height=\"480\" style=\"aspect-ratio: 848 \/ 480;\" width=\"848\" controls preload=\"auto\" src=\"http:\/\/wirkstattsteger.at\/wp-content\/uploads\/2025\/02\/xmas.mp4\"><\/video><\/figure>\n","protected":false},"excerpt":{"rendered":"<p>Aktuell im Spielplan &#8211; DAS KALTE HERZ ( nach Wilhelm Hauff) M\u00e4rchen, Mythen &amp; Geschichten, story_mobil&#8230;kommen.lauschen.staunen Startet bei Buchung&#8230; wieder einmal ist ein mobiles M\u00e4rchenTheaterProjekt von Manusch ist unterwegs.. MIT einer kleinen mobilen B\u00fchne und dem alten Geschichtenkoffer UND &#8211; je nach Lust &amp; Laune, Mondphase oder Sonnenstand &#8211; meinen Puppenfreund_innen<\/p>\n","protected":false},"author":1,"featured_media":0,"parent":0,"menu_order":0,"comment_status":"closed","ping_status":"closed","template":"","meta":{"footnotes":""},"class_list":["post-171","page","type-page","status-publish","hentry"],"_links":{"self":[{"href":"http:\/\/wirkstattsteger.at\/index.php?rest_route=\/wp\/v2\/pages\/171","targetHints":{"allow":["GET"]}}],"collection":[{"href":"http:\/\/wirkstattsteger.at\/index.php?rest_route=\/wp\/v2\/pages"}],"about":[{"href":"http:\/\/wirkstattsteger.at\/index.php?rest_route=\/wp\/v2\/types\/page"}],"author":[{"embeddable":true,"href":"http:\/\/wirkstattsteger.at\/index.php?rest_route=\/wp\/v2\/users\/1"}],"replies":[{"embeddable":true,"href":"http:\/\/wirkstattsteger.at\/index.php?rest_route=%2Fwp%2Fv2%2Fcomments&post=171"}],"version-history":[{"count":6,"href":"http:\/\/wirkstattsteger.at\/index.php?rest_route=\/wp\/v2\/pages\/171\/revisions"}],"predecessor-version":[{"id":332,"href":"http:\/\/wirkstattsteger.at\/index.php?rest_route=\/wp\/v2\/pages\/171\/revisions\/332"}],"wp:attachment":[{"href":"http:\/\/wirkstattsteger.at\/index.php?rest_route=%2Fwp%2Fv2%2Fmedia&parent=171"}],"curies":[{"name":"wp","href":"https:\/\/api.w.org\/{rel}","templated":true}]}}