{"id":264,"date":"2025-02-19T16:03:35","date_gmt":"2025-02-19T16:03:35","guid":{"rendered":"http:\/\/wirkstattsteger.at\/?page_id=264"},"modified":"2025-02-19T17:23:40","modified_gmt":"2025-02-19T17:23:40","slug":"persoenliches","status":"publish","type":"page","link":"http:\/\/wirkstattsteger.at\/?page_id=264","title":{"rendered":"Pers\u00f6nliches"},"content":{"rendered":"\n<pre class=\"wp-block-preformatted\"><strong>Mein beruflicher Hintergrund<\/strong><br><br>Ich bin jetzt pensioniert -  davor viele Jahrzehnte im Sozial-Bildungs- und Gesundheitsbereich als P\u00e4dagogin, Therapeutin, Referentin, in der Gesundheitsf\u00f6rderung, als Lebens- und Sozialberaterin t\u00e4tig und bin noch immer gerne sch\u00f6pferisch t\u00e4tig ud Geschichtenerz\u00e4hlerin. <br><br>Aus- und Weiterbildungen in Jugend-Sozial-Altenarbeit, Naturheilkunde, Gruppenarbeit, Clown-und Theaterarbeit, integr. Gesundheits-, Bildung und Erziehungswissenschaften, Bewegungs-Kunst\/Kreativ Therapie, Interkulturelle Kompetenz, Traumap\u00e4dagogik, Gewaltpr\u00e4vention&nbsp;<br><br><img loading=\"lazy\" decoding=\"async\" width=\"119\" height=\"168\" src=\"http:\/\/wirkstattsteger.at\/wp-content\/uploads\/2018\/02\/manu2013-213x300.jpg\" alt=\"\"><strong><br>Einige Arbeitsbereiche, Erfahrungen<\/strong>&nbsp;<br><br>Unterricht, Moderationen, Seminare, Tagungen, Projekte und Weiterbildungen f\u00fcr Vereine, Institutionen, Fachkr\u00e4fte<br> <br>zu: Diversity,Interkulturelles, Animation, Jugend- Kultur- und Sozialarbeit, geschlechtsspezifische Angebote, Schulprojekt MIT, Gesundheitsf\u00f6rderung<br>  <br>zB f\u00fcr: WiFi, AK, VHS,Zukunftsb\u00fcro Land Vorarlberg, P\u00e4dagogische Hochschule, AMS mit \"Amazone\"-Projekten, Schulen, Pro Mente Akademie, \u00d6ZPGS Schulpsychologie, Kath.Kirche Vorarlberg etc.<\/pre>\n\n\n\n<figure class=\"wp-block-image size-full is-resized\"><img loading=\"lazy\" decoding=\"async\" width=\"400\" height=\"600\" src=\"http:\/\/wirkstattsteger.at\/wp-content\/uploads\/2025\/02\/titelbild-herzgefluester.jpg\" alt=\"HERZ GEFL\u00dcSTER - Geschichten aus der Mitte ...alte, neue, mutige und eigenartige Erz\u00e4hlungen, \u00dcbungen und Gedanken rund ums Herz. zu bestellen unter:\" class=\"wp-image-274\" style=\"width:151px;height:auto\" srcset=\"http:\/\/wirkstattsteger.at\/wp-content\/uploads\/2025\/02\/titelbild-herzgefluester.jpg 400w, http:\/\/wirkstattsteger.at\/wp-content\/uploads\/2025\/02\/titelbild-herzgefluester-200x300.jpg 200w\" sizes=\"auto, (max-width: 400px) 100vw, 400px\" \/><\/figure>\n\n\n\n<p><strong>HERZ GEFL\u00dcSTER &#8211; Geschichten aus der Mitte &#8230;alte, neue, mutige und eigenartige Erz\u00e4hlungen, \u00dcbungen und Gedanken rund ums Herz.<\/strong>    zu bestellen unter:<\/p>\n\n\n\n<div class=\"wp-block-group is-nowrap is-layout-flex wp-container-core-group-is-layout-ad2f72ca wp-block-group-is-layout-flex\">\n<ul class=\"wp-block-list\">\n<li class=\"has-small-font-size\"><a href=\"https:\/\/www.thalia.de\/shop\/home\/artikeldetails\/A1070495584\">https:\/\/www.thalia.de\/shop\/home\/artikeldetails\/A1070495584<\/a><\/li>\n\n\n\n<li class=\"has-small-font-size\"><a href=\"https:\/\/www.weltbild.at\/...\/herz-gefluester-geschichten...\">https:\/\/www.weltbild.at\/&#8230;\/herz-gefluester-geschichten&#8230;<\/a><\/li>\n\n\n\n<li class=\"has-small-font-size\"><a href=\"https:\/\/www.hugendubel.de\/de\/checkout\/cart\">https:\/\/www.hugendubel.de\/de\/checkout\/cart<\/a>  ISBN 978-3-7584-4082-3<\/li>\n<\/ul>\n<\/div>\n\n\n\n<ul class=\"wp-block-list has-white-background-color has-background\">\n<li class=\"has-small-font-size\"><strong>LOG-Buch einer NEO-Pensionistin <\/strong>&#8230;<strong>endlich frei! oder nur viel Zeit?<\/strong><\/li>\n\n\n\n<li class=\"has-small-font-size\"><strong><a href=\"https:\/\/www.amazon.de\/dp\/B09TN37BG9\">https:\/\/www.amazon.de\/dp\/B09TN37BG9<\/a><\/strong><\/li>\n\n\n\n<li class=\"has-small-font-size\"><strong><a href=\"https:\/\/www.amazon.de\/dp\/B09TPYTF7R\">https:\/\/www.amazon.de\/dp\/B09TPYTF7R<\/a><\/strong> ISBN-13 \u200f : \u200e 979-8424706233<\/li>\n<\/ul>\n\n\n\n<div class=\"wp-block-group is-nowrap is-layout-flex wp-container-core-group-is-layout-ad2f72ca wp-block-group-is-layout-flex\">\n<ul class=\"wp-block-list\">\n<li class=\"has-small-font-size\"><strong>Liebreiz &amp; Siebengr\u00fcn<\/strong> &#8211; Geschichten&amp; Rezepte im Jahreskreislauf (Goldene Rakete Verlag)  ISBN-13: 9786202445177ISBN-10: 6202445173<\/li>\n\n\n\n<li class=\"has-small-font-size\"><strong>Wo die Kamele tr\u00e4umen<\/strong>. Life is a Story &#8211; story.one Geschichen einer Reise in den Sinai ISBN 978-3-99087-788-3<\/li>\n<\/ul>\n<\/div>\n","protected":false},"excerpt":{"rendered":"<p>Mein beruflicher HintergrundIch bin jetzt pensioniert &#8211; davor viele Jahrzehnte im Sozial-Bildungs- und Gesundheitsbereich als P\u00e4dagogin, Therapeutin, Referentin, in der Gesundheitsf\u00f6rderung, als Lebens- und Sozialberaterin t\u00e4tig und bin noch immer gerne sch\u00f6pferisch t\u00e4tig ud Geschichtenerz\u00e4hlerin. Aus- und Weiterbildungen in Jugend-Sozial-Altenarbeit, Naturheilkunde, Gruppenarbeit, Clown-und Theaterarbeit, integr. Gesundheits-, Bildung und Erziehungswissenschaften, Bewegungs-Kunst\/Kreativ Therapie, Interkulturelle Kompetenz, Traumap\u00e4dagogik, Gewaltpr\u00e4vention&nbsp;Einige &hellip; <a href=\"http:\/\/wirkstattsteger.at\/?page_id=264\" class=\"more-link\"><span class=\"screen-reader-text\">Pers\u00f6nliches<\/span> weiterlesen<\/a><\/p>\n","protected":false},"author":1,"featured_media":0,"parent":0,"menu_order":4,"comment_status":"closed","ping_status":"closed","template":"","meta":{"footnotes":""},"class_list":["post-264","page","type-page","status-publish","hentry"],"_links":{"self":[{"href":"http:\/\/wirkstattsteger.at\/index.php?rest_route=\/wp\/v2\/pages\/264","targetHints":{"allow":["GET"]}}],"collection":[{"href":"http:\/\/wirkstattsteger.at\/index.php?rest_route=\/wp\/v2\/pages"}],"about":[{"href":"http:\/\/wirkstattsteger.at\/index.php?rest_route=\/wp\/v2\/types\/page"}],"author":[{"embeddable":true,"href":"http:\/\/wirkstattsteger.at\/index.php?rest_route=\/wp\/v2\/users\/1"}],"replies":[{"embeddable":true,"href":"http:\/\/wirkstattsteger.at\/index.php?rest_route=%2Fwp%2Fv2%2Fcomments&post=264"}],"version-history":[{"count":3,"href":"http:\/\/wirkstattsteger.at\/index.php?rest_route=\/wp\/v2\/pages\/264\/revisions"}],"predecessor-version":[{"id":295,"href":"http:\/\/wirkstattsteger.at\/index.php?rest_route=\/wp\/v2\/pages\/264\/revisions\/295"}],"wp:attachment":[{"href":"http:\/\/wirkstattsteger.at\/index.php?rest_route=%2Fwp%2Fv2%2Fmedia&parent=264"}],"curies":[{"name":"wp","href":"https:\/\/api.w.org\/{rel}","templated":true}]}}