{"id":59,"date":"2018-02-24T19:59:07","date_gmt":"2018-02-24T19:59:07","guid":{"rendered":"http:\/\/wirkstattsteger.at\/?page_id=59"},"modified":"2022-10-29T10:56:59","modified_gmt":"2022-10-29T10:56:59","slug":"kontakt-und-impressum","status":"publish","type":"page","link":"http:\/\/wirkstattsteger.at\/?page_id=59","title":{"rendered":"Kontakt , Datenschutz, Impressum"},"content":{"rendered":"<pre><span style=\"color: #000080;\"><strong>Quelle: wordpress  Die Adresse der Website ist: http:\/\/wirkstattsteger.at\n\nManuela Steger, MSc MEd<\/strong><\/span>\n<strong><span style=\"color: #0000ff;\">manusch@aon.at<\/span><\/strong>\n<strong><span style=\"color: #0000ff;\">phone +43 676 6110508<br \/><br \/><\/span><a href=\"http:\/\/www.von-mund-zu-ohr.at\/\">LINKS<\/a><a href=\"http:\/\/www.von-mund-zu-ohr.at\/\"> www.von-mund-zu-ohr.at<\/a> <a href=\"http:\/\/www.erzaehler-ohne-grenzen.de\/\">www.erzaehler-ohne-grenzen.de<\/a> \u00a0 <br \/><br \/><a href=\"http:\/\/www.mini-geschicht.com\">www.mini-gschicht.com<\/a> (besonders zu empfehlen f\u00fcr Kurzgeschichten, die auch selbst beigesteuert werden k\u00f6nnen - ein tolles, kreatives Projekt)  <br \/><br \/><a href=\"http:\/\/www.goefis.at\/index.php?id=15&amp;uid=1823\">http:\/\/www.goefis.at\/index.php?id=15&amp;uid=1823\u00a0<\/a> \"FILM + Geschichten\" <br \/><br \/><a href=\"https:\/\/www.youtube.com\/watch?v=CQ6DAOXWcbU&amp;feature=youtu.be\">http:\/\/youtu.be\/CQ6DAOXWcbU<\/a> world storytelling day <br \/><br \/>https:\/\/<span style=\"color: #ff00ff;\">kulturvermittlung.angebote.oead.at<\/span>\/html\/D\/angebote.asp?guid=%7B5174556E-11C5-47E2-B175-83EDA1B68E72%7D\n<\/strong><\/pre>\n<table style=\"height: 403px;\" width=\"563\">\n<tbody>\n<tr>\n<td>\n<pre><strong><span style=\"color: #808080;\">Datenschutzerkl\u00e4rung<\/span><\/strong> <span style=\"color: #808080;\">Der Schutz Ihrer pers\u00f6nlichen Daten ist uns ein besonderes Anliegen. Ich verarbeite Ihre Daten daher ausschlie\u00dflich auf Grundlage der gesetzlichen Bestimmungen (DSGVO, TKG 2003). In diesen Datenschutzinformationen informieren wir Sie u\u0308ber die wichtigsten Aspekte der Datenverarbeitung im Rahmen unserer Website.<\/span><br \/><br \/><span style=\"color: #808080;\"><em>Daten:<\/em> Diese Homepage sammelt, verarbeitet oder speichert \u00a0keinerlei Besucherdaten und ist mit keinen Anwendungen verkn\u00fcpft. Anfragen zum Datenschutz senden Sie bitte an: manusch@aon.at<\/span><br \/><br \/><span style=\"color: #808080;\"><em>Kontakt mit uns:<\/em> Wenn Sie per Formular auf der Website oder per E-Mail Kontakt mit uns aufnehmen, werden Ihre angegebenen Daten zwecks Bearbeitung der Anfrage und f\u00fcr den Fall von Anschlussfragen sechs Monate bei uns gespeichert. Diese Daten geben wir nicht ohne Ihre Einwilligung weiter. <em>Ihre Rechte: <\/em><\/span><span style=\"color: #808080;\">Ihnen stehen grunds\u00e4tzlich die Rechte auf Auskunft, Berichtigung, L\u00f6schung, Einschr\u00e4nkung, Daten\u00fcbertragbarkeit, Widerruf und Widerspruch zu. Wenn Sie glauben, dass die Verarbeitung Ihrer Daten gegen das Datenschutzrecht verst\u00f6\u00dft oder Ihre datenschutzrechtlichen Anspr\u00fcche sonst in einer Weise verletzt worden sind, k\u00f6nnen Sie sich bei der Aufsichtsbeh\u00f6rde beschweren. In \u00d6sterreich ist dies die Datenschutzbeh\u00f6rde.<\/span><br \/><br \/><span style=\"color: #808080;\"> Sie erreichen mich unter folgenden<em> Kontaktdaten<\/em><strong>:<\/strong><\/span> <br \/><span style=\"color: #808080;\">Manuela Steger,Ammianusstr. 1, 6900 Bregenz \/ <\/span><span style=\"color: #808080;\">manusch@aon.at<\/span><\/pre>\n<\/td>\n<\/tr>\n<\/tbody>\n<\/table>\n<pre><strong><br \/><br \/><\/strong><\/pre>\n\n\n<p><\/p>\n","protected":false},"excerpt":{"rendered":"<p>Quelle: wordpress Die Adresse der Website ist: http:\/\/wirkstattsteger.at Manuela Steger, MSc MEd manusch@aon.at phone +43 676 6110508LINKS www.von-mund-zu-ohr.at www.erzaehler-ohne-grenzen.de \u00a0 www.mini-gschicht.com (besonders zu empfehlen f\u00fcr Kurzgeschichten, die auch selbst beigesteuert werden k\u00f6nnen &#8211; ein tolles, kreatives Projekt) http:\/\/www.goefis.at\/index.php?id=15&amp;uid=1823\u00a0 &#8222;FILM + Geschichten&#8220; http:\/\/youtu.be\/CQ6DAOXWcbU world storytelling day https:\/\/kulturvermittlung.angebote.oead.at\/html\/D\/angebote.asp?guid=%7B5174556E-11C5-47E2-B175-83EDA1B68E72%7D Datenschutzerkl\u00e4rung Der Schutz Ihrer pers\u00f6nlichen Daten ist uns ein &hellip; <a href=\"http:\/\/wirkstattsteger.at\/?page_id=59\" class=\"more-link\"><span class=\"screen-reader-text\">Kontakt , Datenschutz, Impressum<\/span> weiterlesen<\/a><\/p>\n","protected":false},"author":1,"featured_media":0,"parent":0,"menu_order":0,"comment_status":"closed","ping_status":"closed","template":"","meta":{"footnotes":""},"class_list":["post-59","page","type-page","status-publish","hentry"],"_links":{"self":[{"href":"http:\/\/wirkstattsteger.at\/index.php?rest_route=\/wp\/v2\/pages\/59","targetHints":{"allow":["GET"]}}],"collection":[{"href":"http:\/\/wirkstattsteger.at\/index.php?rest_route=\/wp\/v2\/pages"}],"about":[{"href":"http:\/\/wirkstattsteger.at\/index.php?rest_route=\/wp\/v2\/types\/page"}],"author":[{"embeddable":true,"href":"http:\/\/wirkstattsteger.at\/index.php?rest_route=\/wp\/v2\/users\/1"}],"replies":[{"embeddable":true,"href":"http:\/\/wirkstattsteger.at\/index.php?rest_route=%2Fwp%2Fv2%2Fcomments&post=59"}],"version-history":[{"count":9,"href":"http:\/\/wirkstattsteger.at\/index.php?rest_route=\/wp\/v2\/pages\/59\/revisions"}],"predecessor-version":[{"id":182,"href":"http:\/\/wirkstattsteger.at\/index.php?rest_route=\/wp\/v2\/pages\/59\/revisions\/182"}],"wp:attachment":[{"href":"http:\/\/wirkstattsteger.at\/index.php?rest_route=%2Fwp%2Fv2%2Fmedia&parent=59"}],"curies":[{"name":"wp","href":"https:\/\/api.w.org\/{rel}","templated":true}]}}